{"id":804,"date":"2022-10-27T22:15:43","date_gmt":"2022-10-27T20:15:43","guid":{"rendered":"http:\/\/www.julianebier.com\/?page_id=804"},"modified":"2022-12-09T11:36:16","modified_gmt":"2022-12-09T10:36:16","slug":"training","status":"publish","type":"page","link":"https:\/\/www.julianebier.com\/en\/training\/","title":{"rendered":"Training"},"content":{"rendered":"<p>[et_pb_section fb_built=&#8220;1&#8243; admin_label=&#8220;Header&#8220; _builder_version=&#8220;4.16&#8243; background_image=&#8220;http:\/\/www.julianebier.com\/wp-content\/uploads\/2022\/09\/art-gallery-55.jpg&#8220; background_size=&#8220;initial&#8220; background_repeat=&#8220;repeat&#8220; global_colors_info=&#8220;{}&#8220;][et_pb_row custom_padding_last_edited=&#8220;off|phone&#8220; _builder_version=&#8220;4.18.0&#8243; background_position=&#8220;bottom_center&#8220; custom_padding=&#8220;||4px|||&#8220; custom_padding_tablet=&#8220;17vw||17vw||false&#8220; use_custom_width=&#8220;on&#8220; width_unit=&#8220;off&#8220; custom_width_percent=&#8220;100%&#8220; locked=&#8220;off&#8220; global_colors_info=&#8220;{}&#8220;][et_pb_column type=&#8220;4_4&#8243; _builder_version=&#8220;4.16&#8243; custom_padding=&#8220;|||&#8220; global_colors_info=&#8220;{}&#8220; custom_padding__hover=&#8220;|||&#8220;][et_pb_text _builder_version=&#8220;4.18.0&#8243; text_font=&#8220;||||||||&#8220; header_font=&#8220;||||||||&#8220; header_2_font=&#8220;|500|||||||&#8220; header_2_text_align=&#8220;left&#8220; header_2_font_size=&#8220;56px&#8220; header_2_line_height=&#8220;1.3em&#8220; transform_translate_linked=&#8220;off&#8220; max_width=&#8220;100%&#8220; max_width_tablet=&#8220;70%&#8220; max_width_last_edited=&#8220;off|phone&#8220; header_2_font_size_tablet=&#8220;40px&#8220; header_2_font_size_phone=&#8220;26px&#8220; header_2_font_size_last_edited=&#8220;on|desktop&#8220; global_colors_info=&#8220;{}&#8220;]<\/p>\n<h2>Cross-cultural trainings<\/h2>\n<p>[\/et_pb_text][\/et_pb_column][\/et_pb_row][et_pb_row _builder_version=&#8220;4.18.1&#8243; _module_preset=&#8220;default&#8220; global_colors_info=&#8220;{}&#8220;][et_pb_column type=&#8220;4_4&#8243; _builder_version=&#8220;4.18.1&#8243; _module_preset=&#8220;default&#8220; global_colors_info=&#8220;{}&#8220;][et_pb_text _builder_version=&#8220;4.18.1&#8243; _module_preset=&#8220;default&#8220; global_colors_info=&#8220;{}&#8220;]<\/p>\n<p>Cross-cultural trainings include different aspects. It can have it's focus on general awareness towards other cultures or on a specific cultural area. <br \/>The training courses listed below are sample offers that \u2013 depending on your needs and requirements \u2013 can be individually adapted to your wishes. Specific topics (e.g. \u201cinternational recruiting\u201d, \u201cleading global teams\u201d etc.) can also be implemented.<\/p>\n<p class=\"translation-block\">My target cultures are India, Germany and Vietnam. In addition, I work closely with experienced partners who also cover other cultures such as China, Japan, the USA, Brazil, France or England. <strong> Feel free to contact me if you have specific country requests!<\/strong><\/p>\n<p><strong><\/strong><\/p>\n<p><strong><\/strong><\/p>\n<p><strong><\/strong><\/p>\n<p>[\/et_pb_text][\/et_pb_column][\/et_pb_row][et_pb_row _builder_version=&#8220;4.16&#8243; global_colors_info=&#8220;{}&#8220;][et_pb_column type=&#8220;4_4&#8243; _builder_version=&#8220;4.16&#8243; custom_padding=&#8220;|||&#8220; global_colors_info=&#8220;{}&#8220; custom_padding__hover=&#8220;|||&#8220;][et_pb_text _builder_version=&#8220;4.19.2&#8243; text_font=&#8220;||||||||&#8220; header_font=&#8220;||||||||&#8220; max_width=&#8220;700px&#8220; module_alignment=&#8220;center&#8220; hover_enabled=&#8220;0&#8243; global_colors_info=&#8220;{}&#8220; sticky_enabled=&#8220;0&#8243;]<\/p>\n<h3><strong>Culture generic training programs <\/strong><\/h3>\n<p>Duration: 1-2 days<\/p>\n<p><strong>Objective<\/strong><br \/>Many employees interact with colleagues and customers from different cultures. In order to ensure an effective and sustainable collaboration these trainings focus on creating cultural awareness and sensitivity by shifting perspectives. It also provides participants the opportunity to practice behavioral strategies for every day communication with people from across the globe.<\/p>\n<p><strong>Possible content<\/strong><\/p>\n<ul>\n<li>Definition of culture and it\u2019s implication on today\u2019s business world<\/li>\n<li>Reflection of one's own cultural background and values system<\/li>\n<li>Identifying cultural standards and its implications when dealing with other cultures<\/li>\n<li>Analyzing and practicing behavioral strategies, which reflect real life business situations<\/li>\n<\/ul>\n<p>[\/et_pb_text][\/et_pb_column][\/et_pb_row][\/et_pb_section][et_pb_section fb_built=&#8220;1&#8243; admin_label=&#8220;About&#8220; _builder_version=&#8220;4.16&#8243; background_image=&#8220;http:\/\/www.julianebier.com\/wp-content\/uploads\/2022\/09\/art-gallery-55.jpg&#8220; background_size=&#8220;initial&#8220; background_repeat=&#8220;repeat&#8220; global_colors_info=&#8220;{}&#8220;][et_pb_row column_structure=&#8220;2_5,3_5&#8243; _builder_version=&#8220;4.16&#8243; max_width=&#8220;1280px&#8220; global_colors_info=&#8220;{}&#8220;][et_pb_column type=&#8220;2_5&#8243; _builder_version=&#8220;4.16&#8243; custom_padding=&#8220;|||&#8220; global_colors_info=&#8220;{}&#8220; custom_padding__hover=&#8220;|||&#8220;][et_pb_image src=&#8220;http:\/\/www.julianebier.com\/wp-content\/uploads\/2022\/10\/Indien-Fahrrad.jpg&#8220; title_text=&#8220;Indien-Fahrrad&#8220; _builder_version=&#8220;4.18.0&#8243; background_image=&#8220;http:\/\/www.julianebier.com\/wp-content\/uploads\/2022\/09\/art-gallery-56.png&#8220; background_size=&#8220;initial&#8220; background_position=&#8220;bottom_left&#8220; max_width_tablet=&#8220;560px&#8220; max_width_last_edited=&#8220;off|tablet&#8220; module_alignment=&#8220;right&#8220; custom_margin=&#8220;|-200px||&#8220; custom_margin_tablet=&#8220;|0px||&#8220; custom_margin_phone=&#8220;&#8220; custom_margin_last_edited=&#8220;on|tablet&#8220; custom_padding=&#8220;||40px|78px||&#8220; custom_padding_tablet=&#8220;40px|30px|0px|0px&#8220; custom_padding_phone=&#8220;&#8220; custom_padding_last_edited=&#8220;on|tablet&#8220; background_last_edited=&#8220;on|desktop&#8220; background_position_tablet=&#8220;top_right&#8220; box_shadow_style=&#8220;preset3&#8243; box_shadow_vertical=&#8220;20px&#8220; box_shadow_blur=&#8220;80px&#8220; box_shadow_spread=&#8220;0px&#8220; box_shadow_color=&#8220;rgba(67,58,122,0.2)&#8220; global_colors_info=&#8220;{}&#8220;][\/et_pb_image][et_pb_image src=&#8220;http:\/\/www.julianebier.com\/wp-content\/uploads\/2022\/10\/Inder-Flo\u0308te.jpg&#8220; title_text=&#8220;Inder-Flo\u0308te&#8220; _builder_version=&#8220;4.18.0&#8243; background_image=&#8220;http:\/\/www.julianebier.com\/wp-content\/uploads\/2022\/09\/art-gallery-59.png&#8220; background_size=&#8220;initial&#8220; background_position=&#8220;top_right&#8220; max_width=&#8220;560px&#8220; module_alignment=&#8220;right&#8220; custom_margin=&#8220;||30px&#8220; custom_padding=&#8220;40px|40px||&#8220; custom_padding_tablet=&#8220;|30px||&#8220; custom_padding_phone=&#8220;&#8220; custom_padding_last_edited=&#8220;on|desktop&#8220; box_shadow_style=&#8220;preset3&#8243; box_shadow_vertical=&#8220;20px&#8220; box_shadow_blur=&#8220;80px&#8220; box_shadow_spread=&#8220;0px&#8220; box_shadow_color=&#8220;rgba(67,58,122,0.2)&#8220; global_colors_info=&#8220;{}&#8220;][\/et_pb_image][et_pb_image src=&#8220;http:\/\/www.julianebier.com\/wp-content\/uploads\/2022\/11\/Indien-Zug-Juliane-Bier.jpg&#8220; title_text=&#8220;Indien-Zug-Juliane-Bier&#8220; _builder_version=&#8220;4.18.1&#8243; background_image=&#8220;http:\/\/www.julianebier.com\/wp-content\/uploads\/2022\/09\/art-gallery-56.png&#8220; background_size=&#8220;initial&#8220; background_position=&#8220;bottom_left&#8220; max_width_tablet=&#8220;560px&#8220; max_width_last_edited=&#8220;off|tablet&#8220; module_alignment=&#8220;right&#8220; custom_margin=&#8220;|-200px||&#8220; custom_margin_tablet=&#8220;|0px||&#8220; custom_margin_phone=&#8220;&#8220; custom_margin_last_edited=&#8220;on|tablet&#8220; custom_padding=&#8220;89px||40px|78px||&#8220; custom_padding_tablet=&#8220;40px|30px|0px|0px&#8220; custom_padding_phone=&#8220;&#8220; custom_padding_last_edited=&#8220;on|tablet&#8220; background_last_edited=&#8220;on|desktop&#8220; background_position_tablet=&#8220;top_right&#8220; box_shadow_style=&#8220;preset3&#8243; box_shadow_vertical=&#8220;20px&#8220; box_shadow_blur=&#8220;80px&#8220; box_shadow_spread=&#8220;0px&#8220; box_shadow_color=&#8220;rgba(67,58,122,0.2)&#8220; global_colors_info=&#8220;{}&#8220;][\/et_pb_image][\/et_pb_column][et_pb_column type=&#8220;3_5&#8243; _builder_version=&#8220;4.16&#8243; custom_padding=&#8220;|||&#8220; global_colors_info=&#8220;{}&#8220; custom_padding__hover=&#8220;|||&#8220;][et_pb_text _builder_version=&#8220;4.18.1&#8243; text_font=&#8220;||||||||&#8220; header_font=&#8220;|700|||||||&#8220; header_font_size=&#8220;20px&#8220; header_line_height=&#8220;1.3em&#8220; header_3_font=&#8220;|700|||||||&#8220; header_3_font_size=&#8220;20px&#8220; header_3_line_height=&#8220;1.3em&#8220; background_color=&#8220;#ffffff&#8220; custom_margin=&#8220;150px||&#8220; custom_margin_tablet=&#8220;0px|||&#8220; custom_margin_phone=&#8220;&#8220; custom_margin_last_edited=&#8220;on|tablet&#8220; custom_padding=&#8220;40px|40px|40px|40px|true|true&#8220; header_font_size_tablet=&#8220;&#8220; header_font_size_phone=&#8220;&#8220; header_font_size_last_edited=&#8220;on|desktop&#8220; box_shadow_style=&#8220;preset3&#8243; box_shadow_horizontal=&#8220;-70px&#8220; box_shadow_vertical=&#8220;70px&#8220; box_shadow_blur=&#8220;80px&#8220; box_shadow_spread=&#8220;0px&#8220; box_shadow_color=&#8220;rgba(67,58,122,0.1)&#8220; global_colors_info=&#8220;{}&#8220;]<\/p>\n<h3>Culture specific training programs (India, Vietnam, Germany)<\/h3>\n<p>Duration: 1-2 days<\/p>\n<p><strong>Objective<\/strong><br \/>These trainings are designed for employees who work  with colleagues and\/or customers from one specific culture and who need support in different aspects of their collaboration. This can include communication style, business etiquette and practical tips on every day life. Country specific trainings also take a deeper look at the value system of the target culture and provide information on country specific aspects such as the political system, religion and historical background.<\/p>\n<p><strong>Possible content<\/strong><\/p>\n<ul>\n<li>Country specific information (political system, history, religion etc).<\/li>\n<li>Value system of target culture in comparison with own cultural background<\/li>\n<li>Different aspects of working culture (communication, business etiquette etc.)<\/li>\n<li>Analyzing and practicing behavioral strategies which reflect real life business situations<\/li>\n<li>Development of best practices<\/li>\n<\/ul>\n<p>[\/et_pb_text][et_pb_text _builder_version=&#8220;4.18.1&#8243; text_font=&#8220;||||||||&#8220; header_font=&#8220;|700|||||||&#8220; header_font_size=&#8220;20px&#8220; header_line_height=&#8220;1.3em&#8220; header_3_font=&#8220;|700|||||||&#8220; header_3_font_size=&#8220;20px&#8220; header_3_line_height=&#8220;1.3em&#8220; background_color=&#8220;#ffffff&#8220; custom_margin=&#8220;150px||&#8220; custom_margin_tablet=&#8220;0px|||&#8220; custom_margin_phone=&#8220;&#8220; custom_margin_last_edited=&#8220;on|tablet&#8220; custom_padding=&#8220;40px|40px|40px|40px|true|true&#8220; header_font_size_tablet=&#8220;&#8220; header_font_size_phone=&#8220;&#8220; header_font_size_last_edited=&#8220;on|desktop&#8220; box_shadow_style=&#8220;preset3&#8243; box_shadow_horizontal=&#8220;-70px&#8220; box_shadow_vertical=&#8220;70px&#8220; box_shadow_blur=&#8220;80px&#8220; box_shadow_spread=&#8220;0px&#8220; box_shadow_color=&#8220;rgba(67,58,122,0.1)&#8220; global_colors_info=&#8220;{}&#8220;]<\/p>\n<h3>Expat and relocation trainings<\/h3>\n<p>Duration: 1-2 days<\/p>\n<p><strong>Objective<\/strong><br \/>Posting expats and their families abroad offers many opportunities - it is an exciting project that broadens personal horizons and often involves a career leap.<br \/>Moving abroad means a major adjustment and reorientation for everyone involved, which can be accompanied by fears and stress both before leaving the country and in the initial phase in the destination country.<br \/>Returning home also poses challenges for many expats and their families. Sometimes, returning home is even more difficult than the posting itself and arouses feelings of alienation and a lack of appreciation from the private and professional side.<br \/>For this reason, it is important, both when leaving and when returning, to have good support that involves the entire family in the process and prepares them for the tasks ahead.<br \/>I would be happy to support you with this!<\/p>\n<p><strong>Possible content<\/strong><br \/>In a mixture of training and coaching, the following topics are usually dealt with:<\/p>\n<ul>\n<li>Expectations, hopes and fears with regard to the assignment abroad or the return<\/li>\n<li>Reflection on one's own value system and cultural imprint<\/li>\n<li>Dealing with different social roles and their shift through posting or return<\/li>\n<li>Culture shock and coping strategies<\/li>\n<li>Information about the country and every day life in the host country<\/li>\n<li>Work culture \u2013 expectations of a manager (depending on the role abroad)<\/li>\n<li>Raising awareness of the skills acquired and creating a vision for the future after return<\/li>\n<\/ul>\n<p>As a supplement to a one-day or multi-day training before departure, I can also support and accompany you in the host country with virtual coaching.<\/p>\n<p>[\/et_pb_text][\/et_pb_column][\/et_pb_row][\/et_pb_section][et_pb_section fb_built=&#8220;1&#8243; admin_label=&#8220;Footer&#8220; _builder_version=&#8220;4.16&#8243; background_size=&#8220;initial&#8220; background_repeat=&#8220;repeat-y&#8220; custom_padding=&#8220;0px|||||&#8220; saved_tabs=&#8220;all&#8220; locked=&#8220;off&#8220; global_colors_info=&#8220;{}&#8220;][et_pb_row column_structure=&#8220;1_3,1_3,1_3&#8243; use_custom_gutter=&#8220;on&#8220; gutter_width=&#8220;2&#8243; _builder_version=&#8220;4.18.0&#8243; background_color=&#8220;RGBA(255,255,255,0)&#8220; background_enable_image=&#8220;off&#8220; border_width_top=&#8220;2px&#8220; global_module=&#8220;566&#8243; saved_tabs=&#8220;all&#8220; global_colors_info=&#8220;{}&#8220;][et_pb_column type=&#8220;1_3&#8243; _builder_version=&#8220;4.16&#8243; custom_padding=&#8220;|||&#8220; global_colors_info=&#8220;{}&#8220; custom_padding__hover=&#8220;|||&#8220;][et_pb_text _builder_version=&#8220;4.18.1&#8243; text_font=&#8220;||||||||&#8220; text_font_size=&#8220;12px&#8220; text_line_height=&#8220;2em&#8220; link_font=&#8220;||||on||||&#8220; link_text_color=&#8220;#666666&#8243; header_font=&#8220;||||||||&#8220; header_text_align=&#8220;left&#8220; header_3_font=&#8220;|700||on|||||&#8220; header_3_font_size=&#8220;12px&#8220; header_3_letter_spacing=&#8220;5px&#8220; header_3_line_height=&#8220;1.8em&#8220; max_width_tablet=&#8220;70%&#8220; max_width_last_edited=&#8220;off|phone&#8220; header_3_font_size_tablet=&#8220;&#8220; header_3_font_size_phone=&#8220;&#8220; header_3_font_size_last_edited=&#8220;on|desktop&#8220; locked=&#8220;off&#8220; global_colors_info=&#8220;{}&#8220;]<\/p>\n<h3>Address<\/h3>\n<p><span>Juliane Bier<\/span><br \/><span>Paul-Roosen-Str. 16a<\/span><br \/><span>22767 Hamburg<\/span><\/p>\n<p><span><a href=\"mailto:contact@julianebier.com\">contact|at|julianebier.com<\/a><br \/><a href=\"\/en\/&lt;a%20href=&quot;tel: 491773340241&quot;&gt; 49 (0)177 3340241&lt;\/a&gt;\/\">+49 (0) 177 3340241<\/a><\/span><\/p>\n<p>[\/et_pb_text][\/et_pb_column][et_pb_column type=&#8220;1_3&#8243; _builder_version=&#8220;4.16&#8243; custom_padding=&#8220;|||&#8220; global_colors_info=&#8220;{}&#8220; custom_padding__hover=&#8220;|||&#8220;][et_pb_image src=&#8220;http:\/\/www.julianebier.com\/wp-content\/uploads\/2022\/09\/logo.png&#8220; alt=&#8220;Juliane Bier Logo&#8220; title_text=&#8220;logo&#8220; _builder_version=&#8220;4.18.0&#8243; _module_preset=&#8220;default&#8220; transform_scale=&#8220;98%|100%&#8220; transform_origin=&#8220;266%|52%&#8220; custom_margin=&#8220;8px||0px||false|false&#8220; custom_padding=&#8220;0px||0px|0px|false|false&#8220; global_colors_info=&#8220;{}&#8220;][\/et_pb_image][\/et_pb_column][et_pb_column type=&#8220;1_3&#8243; _builder_version=&#8220;4.16&#8243; custom_padding=&#8220;|||&#8220; global_colors_info=&#8220;{}&#8220; custom_padding__hover=&#8220;|||&#8220;][et_pb_text _builder_version=&#8220;4.18.0&#8243; text_font=&#8220;||||||||&#8220; text_font_size=&#8220;12px&#8220; text_line_height=&#8220;2em&#8220; link_font=&#8220;||||on||||&#8220; link_text_color=&#8220;#666666&#8243; header_font=&#8220;||||||||&#8220; header_text_align=&#8220;left&#8220; header_2_font=&#8220;||||||||&#8220; header_3_font=&#8220;|700||on|||||&#8220; header_3_font_size=&#8220;12px&#8220; header_3_letter_spacing=&#8220;5px&#8220; header_3_line_height=&#8220;1.8em&#8220; max_width_tablet=&#8220;70%&#8220; max_width_last_edited=&#8220;off|phone&#8220; custom_margin=&#8220;0px|||-11px|false|false&#8220; custom_padding=&#8220;||||false|false&#8220; header_3_font_size_tablet=&#8220;&#8220; header_3_font_size_phone=&#8220;&#8220; header_3_font_size_last_edited=&#8220;on|desktop&#8220; locked=&#8220;off&#8220; global_colors_info=&#8220;{}&#8220;]<\/p>\n<h3>Social media<\/h3>\n<p>[\/et_pb_text][et_pb_social_media_follow _builder_version=&#8220;4.18.0&#8243; custom_margin=&#8220;-20px|||-10px&#8220; custom_margin_tablet=&#8220;&#8220; custom_margin_phone=&#8220;-20px||&#8220; custom_margin_last_edited=&#8220;on|desktop&#8220; filter_invert=&#8220;100%&#8220; locked=&#8220;off&#8220; global_colors_info=&#8220;{}&#8220; icon_color__hover=&#8220;#e02b20&#8243;][et_pb_social_media_follow_network social_network=&#8220;linkedin&#8220; url=&#8220;https:\/\/de.linkedin.com\/in\/juliane-bier-7b963b40&#8243; _builder_version=&#8220;4.18.0&#8243; _module_preset=&#8220;default&#8220; background_color=&#8220;#007bb6&#8243; global_colors_info=&#8220;{}&#8220; follow_button=&#8220;off&#8220; url_new_window=&#8220;on&#8220;]linkedin[\/et_pb_social_media_follow_network][et_pb_social_media_follow_network social_network=&#8220;xing&#8220; url=&#8220;https:\/\/www.xing.com\/profile\/Juliane_Bier&#8220; _builder_version=&#8220;4.18.0&#8243; _module_preset=&#8220;default&#8220; background_color=&#8220;#026466&#8243; global_colors_info=&#8220;{}&#8220; follow_button=&#8220;off&#8220; url_new_window=&#8220;on&#8220;]xing[\/et_pb_social_media_follow_network][\/et_pb_social_media_follow][et_pb_text _builder_version=&#8220;4.18.1&#8243; _dynamic_attributes=&#8220;link_option_url&#8220; _module_preset=&#8220;default&#8220; text_font_size=&#8220;12px&#8220; custom_margin=&#8220;0px||0px|-10px|false|false&#8220; custom_padding=&#8220;0px||||false|false&#8220; link_option_url=&#8220;@ET-DC@eyJkeW5hbWljIjp0cnVlLCJjb250ZW50IjoicG9zdF9saW5rX3VybF9wYWdlIiwic2V0dGluZ3MiOnsicG9zdF9pZCI6IjYxNiJ9fQ==@&#8220; global_colors_info=&#8220;{}&#8220;]<\/p>\n<p>Impressum<\/p>\n<p>[\/et_pb_text][et_pb_text _builder_version=&#8220;4.18.1&#8243; _dynamic_attributes=&#8220;link_option_url&#8220; _module_preset=&#8220;default&#8220; text_font_size=&#8220;12px&#8220; custom_margin=&#8220;0px||0px|-10px|false|false&#8220; custom_padding=&#8220;0px||||false|false&#8220; link_option_url=&#8220;@ET-DC@eyJkeW5hbWljIjp0cnVlLCJjb250ZW50IjoicG9zdF9saW5rX3VybF9wYWdlIiwic2V0dGluZ3MiOnsicG9zdF9pZCI6Ijg5OCJ9fQ==@&#8220; global_colors_info=&#8220;{}&#8220;]<\/p>\n<p>Datenschutz<\/p>\n<p>[\/et_pb_text][\/et_pb_column][\/et_pb_row][\/et_pb_section]<\/p>","protected":false},"excerpt":{"rendered":"<p>Interkulturelle TrainingsInterkulturelle Trainings k\u00f6nnen unterschiedliche Schwerpunkte haben. Dabei kann es kultur\u00fcbergreifend um eine allgemeine Sensibilisierung gehen oder auch um einen konkreten Kulturraum. Bei den aufgef\u00fchrten Trainings handelt es sich um Beispielangebote, die &#8211; je nach Anliegen und Bedarf &#8211; individuell an Ihre W\u00fcnsche angepasst werden. Auch spezifische Themenschwerpunkte (wie z.B. \u201eInternationales Recruiting\u201c, \u201eF\u00fchren globaler Teams\u201c [&hellip;]<\/p>","protected":false},"author":1,"featured_media":0,"parent":0,"menu_order":0,"comment_status":"closed","ping_status":"closed","template":"","meta":{"_et_pb_use_builder":"on","_et_pb_old_content":"","_et_gb_content_width":"","footnotes":""},"class_list":["post-804","page","type-page","status-publish","hentry"],"_links":{"self":[{"href":"https:\/\/www.julianebier.com\/en\/wp-json\/wp\/v2\/pages\/804","targetHints":{"allow":["GET"]}}],"collection":[{"href":"https:\/\/www.julianebier.com\/en\/wp-json\/wp\/v2\/pages"}],"about":[{"href":"https:\/\/www.julianebier.com\/en\/wp-json\/wp\/v2\/types\/page"}],"author":[{"embeddable":true,"href":"https:\/\/www.julianebier.com\/en\/wp-json\/wp\/v2\/users\/1"}],"replies":[{"embeddable":true,"href":"https:\/\/www.julianebier.com\/en\/wp-json\/wp\/v2\/comments?post=804"}],"version-history":[{"count":35,"href":"https:\/\/www.julianebier.com\/en\/wp-json\/wp\/v2\/pages\/804\/revisions"}],"predecessor-version":[{"id":1283,"href":"https:\/\/www.julianebier.com\/en\/wp-json\/wp\/v2\/pages\/804\/revisions\/1283"}],"wp:attachment":[{"href":"https:\/\/www.julianebier.com\/en\/wp-json\/wp\/v2\/media?parent=804"}],"curies":[{"name":"wp","href":"https:\/\/api.w.org\/{rel}","templated":true}]}}